{"id":79,"date":"2024-11-20T14:41:00","date_gmt":"2024-11-20T14:41:00","guid":{"rendered":"https:\/\/synerplace.com\/?page_id=79"},"modified":"2024-11-22T14:34:19","modified_gmt":"2024-11-22T14:34:19","slug":"offres","status":"publish","type":"page","link":"https:\/\/synerplace.com\/?page_id=79","title":{"rendered":"offres"},"content":{"rendered":"\n<h2 class=\"wp-block-heading\"><span style=\"\" class=\"has-text-gradient has-luminous-vivid-amber-to-luminous-vivid-orange-gradient-background\"><sub>L&rsquo;offre du mois : Baie d\u00e9di\u00e9e 47U + 1Gb\/s: 990<sup>\u20ac\/m<\/sup><\/sub><\/span><\/h2>\n\n\n\n<p><\/p>\n\n\n<div class=\"wp-block-image\">\n<figure class=\"alignleft is-resized\"><img decoding=\"async\" src=\"https:\/\/www.defensedatacenter.com\/images\/baie2.jpg\" alt=\"Baie\" style=\"width:169px;height:auto\"\/><\/figure>\n<\/div>\n\n\n<div class=\"wp-block-group is-nowrap is-layout-flex wp-container-core-group-is-layout-ad2f72ca wp-block-group-is-layout-flex\">\n<ul class=\"wp-block-list\">\n<li>Baie 42U ou 47U<\/li>\n\n\n\n<li>Alimentation \u00e9lectrique liss\u00e9e secourue, plusieurs puissances disponibles, mono ou triphas\u00e9<\/li>\n\n\n\n<li>Bande passante d\u00e9di\u00e9e et garantie<\/li>\n\n\n\n<li>8 adresses IP (plus si n\u00e9cessaire, sans frais)<\/li>\n\n\n\n<li>Montage DNS gratuit<\/li>\n\n\n\n<li>Statistiques de trafic global<\/li>\n\n\n\n<li>Possibilit\u00e9 de supervision 24\/7\/365 (monitoring des services de votre choix et notification par email ou sms en cas d&rsquo;alerte)<\/li>\n\n\n\n<li>Datacenter facilement accessible (RER A et parking disponible)<\/li>\n<\/ul>\n<\/div>\n\n\n<script charset=\"utf-8\" type=\"text\/javascript\" src=\"\/\/js.hsforms.net\/forms\/embed\/v2.js\"><\/script>\n<script>\n  hbspt.forms.create({\n    portalId: \"48047086\",\n    formId: \"8f4c9942-d921-46c0-b738-da130a1fac6f\"\n  });\n<\/script>\n\n\n<p><\/p>\n","protected":false},"excerpt":{"rendered":"<p>L&rsquo;offre du mois : Baie d\u00e9di\u00e9e 47U + 1Gb\/s: 990\u20ac\/m<\/p>\n","protected":false},"author":1,"featured_media":0,"parent":0,"menu_order":0,"comment_status":"closed","ping_status":"closed","template":"","meta":{"footnotes":""},"class_list":["post-79","page","type-page","status-publish","hentry"],"_links":{"self":[{"href":"https:\/\/synerplace.com\/index.php?rest_route=\/wp\/v2\/pages\/79","targetHints":{"allow":["GET"]}}],"collection":[{"href":"https:\/\/synerplace.com\/index.php?rest_route=\/wp\/v2\/pages"}],"about":[{"href":"https:\/\/synerplace.com\/index.php?rest_route=\/wp\/v2\/types\/page"}],"author":[{"embeddable":true,"href":"https:\/\/synerplace.com\/index.php?rest_route=\/wp\/v2\/users\/1"}],"replies":[{"embeddable":true,"href":"https:\/\/synerplace.com\/index.php?rest_route=%2Fwp%2Fv2%2Fcomments&post=79"}],"version-history":[{"count":5,"href":"https:\/\/synerplace.com\/index.php?rest_route=\/wp\/v2\/pages\/79\/revisions"}],"predecessor-version":[{"id":89,"href":"https:\/\/synerplace.com\/index.php?rest_route=\/wp\/v2\/pages\/79\/revisions\/89"}],"wp:attachment":[{"href":"https:\/\/synerplace.com\/index.php?rest_route=%2Fwp%2Fv2%2Fmedia&parent=79"}],"curies":[{"name":"wp","href":"https:\/\/api.w.org\/{rel}","templated":true}]}}